{"id":1065,"date":"2024-08-13T14:25:39","date_gmt":"2024-08-13T20:25:39","guid":{"rendered":"https:\/\/epicent.ro\/tienda\/?post_type=product&#038;p=1065"},"modified":"2024-08-13T15:55:09","modified_gmt":"2024-08-13T21:55:09","slug":"crepusculo-suspendido","status":"publish","type":"product","link":"https:\/\/epicent.ro\/tienda\/producto\/crepusculo-suspendido\/","title":{"rendered":"Crep\u00fasculo Suspendido"},"content":{"rendered":"<p>Entre las ramas de un \u00e1rbol, las luces cuelgan como peque\u00f1as estrellas, mientras el cielo se ti\u00f1e de los \u00faltimos colores del d\u00eda. Esta imagen captura la tranquilidad de un espacio al aire libre, donde el tiempo parece detenerse y el ambiente invita a la relajaci\u00f3n.<\/p>\n<p>Impreso en papel de algod\u00f3n Photo Rag de 188g, disponible en tama\u00f1o postal y A4, con impresi\u00f3n inkjet de alta calidad. Parte de la colecci\u00f3n whoisalejandro, exclusiva en la tienda de Epicentro.<\/p>\n","protected":false},"excerpt":{"rendered":"<p>Entre las ramas de un \u00e1rbol, las luces cuelgan como peque\u00f1as estrellas, mientras el cielo se ti\u00f1e de los \u00faltimos colores del d\u00eda. Esta imagen captura la tranquilidad de un espacio al aire libre, donde el tiempo parece detenerse y el ambiente invita a la relajaci\u00f3n.<\/p>\n","protected":false},"featured_media":1080,"comment_status":"open","ping_status":"closed","template":"","meta":[],"product_cat":[16],"product_tag":[47],"marca":[],"class_list":{"0":"post-1065","1":"product","2":"type-product","3":"status-publish","4":"has-post-thumbnail","6":"product_cat-cartel","7":"product_tag-whoisalejandro","9":"first","10":"instock","11":"shipping-taxable","12":"purchasable","13":"product-type-variable","14":"has-default-attributes"},"jetpack_sharing_enabled":true,"_links":{"self":[{"href":"https:\/\/epicent.ro\/tienda\/wp-json\/wp\/v2\/product\/1065"}],"collection":[{"href":"https:\/\/epicent.ro\/tienda\/wp-json\/wp\/v2\/product"}],"about":[{"href":"https:\/\/epicent.ro\/tienda\/wp-json\/wp\/v2\/types\/product"}],"replies":[{"embeddable":true,"href":"https:\/\/epicent.ro\/tienda\/wp-json\/wp\/v2\/comments?post=1065"}],"wp:featuredmedia":[{"embeddable":true,"href":"https:\/\/epicent.ro\/tienda\/wp-json\/wp\/v2\/media\/1080"}],"wp:attachment":[{"href":"https:\/\/epicent.ro\/tienda\/wp-json\/wp\/v2\/media?parent=1065"}],"wp:term":[{"taxonomy":"product_cat","embeddable":true,"href":"https:\/\/epicent.ro\/tienda\/wp-json\/wp\/v2\/product_cat?post=1065"},{"taxonomy":"product_tag","embeddable":true,"href":"https:\/\/epicent.ro\/tienda\/wp-json\/wp\/v2\/product_tag?post=1065"},{"taxonomy":"marca","embeddable":true,"href":"https:\/\/epicent.ro\/tienda\/wp-json\/wp\/v2\/marca?post=1065"}],"curies":[{"name":"wp","href":"https:\/\/api.w.org\/{rel}","templated":true}]}}