{"id":1097,"date":"2024-08-13T14:29:30","date_gmt":"2024-08-13T20:29:30","guid":{"rendered":"https:\/\/epicent.ro\/tienda\/?post_type=product&#038;p=1097"},"modified":"2024-08-13T15:56:38","modified_gmt":"2024-08-13T21:56:38","slug":"silencio-en-las-alturas","status":"publish","type":"product","link":"https:\/\/epicent.ro\/tienda\/producto\/silencio-en-las-alturas\/","title":{"rendered":"Silencio en las Alturas"},"content":{"rendered":"<p>Un edificio solitario se recorta contra el cielo crepuscular, sus balcones vac\u00edos y sus ventanas oscuras sugieren historias no contadas. Esta fotograf\u00eda captura la quietud de un lugar que parece suspendido en el tiempo, invitando a imaginar lo que ha presenciado a lo largo de los a\u00f1os.<\/p>\n<p>Impreso en papel de algod\u00f3n Photo Rag de 188g, disponible en tama\u00f1o postal y A4, con impresi\u00f3n inkjet de alta calidad. Parte de la colecci\u00f3n whoisalejandro, exclusiva en la tienda de Epicentro.<\/p>\n","protected":false},"excerpt":{"rendered":"<p>Un edificio solitario se recorta contra el cielo crepuscular, sus balcones vac\u00edos y sus ventanas oscuras sugieren historias no contadas. Esta fotograf\u00eda captura la quietud de un lugar que parece suspendido en el tiempo, invitando a imaginar lo que ha presenciado a lo largo de los a\u00f1os.<\/p>\n","protected":false},"featured_media":1112,"comment_status":"open","ping_status":"closed","template":"","meta":[],"product_cat":[16],"product_tag":[47],"marca":[],"class_list":{"0":"post-1097","1":"product","2":"type-product","3":"status-publish","4":"has-post-thumbnail","6":"product_cat-cartel","7":"product_tag-whoisalejandro","9":"first","10":"instock","11":"shipping-taxable","12":"purchasable","13":"product-type-variable","14":"has-default-attributes"},"jetpack_sharing_enabled":true,"_links":{"self":[{"href":"https:\/\/epicent.ro\/tienda\/wp-json\/wp\/v2\/product\/1097"}],"collection":[{"href":"https:\/\/epicent.ro\/tienda\/wp-json\/wp\/v2\/product"}],"about":[{"href":"https:\/\/epicent.ro\/tienda\/wp-json\/wp\/v2\/types\/product"}],"replies":[{"embeddable":true,"href":"https:\/\/epicent.ro\/tienda\/wp-json\/wp\/v2\/comments?post=1097"}],"wp:featuredmedia":[{"embeddable":true,"href":"https:\/\/epicent.ro\/tienda\/wp-json\/wp\/v2\/media\/1112"}],"wp:attachment":[{"href":"https:\/\/epicent.ro\/tienda\/wp-json\/wp\/v2\/media?parent=1097"}],"wp:term":[{"taxonomy":"product_cat","embeddable":true,"href":"https:\/\/epicent.ro\/tienda\/wp-json\/wp\/v2\/product_cat?post=1097"},{"taxonomy":"product_tag","embeddable":true,"href":"https:\/\/epicent.ro\/tienda\/wp-json\/wp\/v2\/product_tag?post=1097"},{"taxonomy":"marca","embeddable":true,"href":"https:\/\/epicent.ro\/tienda\/wp-json\/wp\/v2\/marca?post=1097"}],"curies":[{"name":"wp","href":"https:\/\/api.w.org\/{rel}","templated":true}]}}