{"id":1113,"date":"2024-08-13T14:31:08","date_gmt":"2024-08-13T20:31:08","guid":{"rendered":"https:\/\/epicent.ro\/tienda\/?post_type=product&#038;p=1113"},"modified":"2024-08-13T15:56:47","modified_gmt":"2024-08-13T21:56:47","slug":"geometria-y-vuelo","status":"publish","type":"product","link":"https:\/\/epicent.ro\/tienda\/producto\/geometria-y-vuelo\/","title":{"rendered":"Geometr\u00eda y Vuelo"},"content":{"rendered":"<p>Un edificio se eleva con su perfecta simetr\u00eda, mientras un p\u00e1jaro rompe la monoton\u00eda del cielo con su vuelo libre. Esta fotograf\u00eda contrasta la rigidez de la estructura humana con la libertad y el movimiento de la naturaleza, creando un momento de equilibrio entre lo construido y lo natural.<\/p>\n<p>Impreso en papel de algod\u00f3n Photo Rag de 188g, disponible en tama\u00f1o postal y A4, con impresi\u00f3n inkjet de alta calidad. Parte de la colecci\u00f3n whoisalejandro, exclusiva en la tienda de Epicentro.<\/p>\n","protected":false},"excerpt":{"rendered":"<p>Un edificio se eleva con su perfecta simetr\u00eda, mientras un p\u00e1jaro rompe la monoton\u00eda del cielo con su vuelo libre. Esta fotograf\u00eda contrasta la rigidez de la estructura humana con la libertad y el movimiento de la naturaleza, creando un momento de equilibrio entre lo construido y lo natural.<\/p>\n","protected":false},"featured_media":1128,"comment_status":"open","ping_status":"closed","template":"","meta":[],"product_cat":[16],"product_tag":[47],"marca":[],"class_list":{"0":"post-1113","1":"product","2":"type-product","3":"status-publish","4":"has-post-thumbnail","6":"product_cat-cartel","7":"product_tag-whoisalejandro","9":"first","10":"instock","11":"shipping-taxable","12":"purchasable","13":"product-type-variable","14":"has-default-attributes"},"jetpack_sharing_enabled":true,"_links":{"self":[{"href":"https:\/\/epicent.ro\/tienda\/wp-json\/wp\/v2\/product\/1113"}],"collection":[{"href":"https:\/\/epicent.ro\/tienda\/wp-json\/wp\/v2\/product"}],"about":[{"href":"https:\/\/epicent.ro\/tienda\/wp-json\/wp\/v2\/types\/product"}],"replies":[{"embeddable":true,"href":"https:\/\/epicent.ro\/tienda\/wp-json\/wp\/v2\/comments?post=1113"}],"wp:featuredmedia":[{"embeddable":true,"href":"https:\/\/epicent.ro\/tienda\/wp-json\/wp\/v2\/media\/1128"}],"wp:attachment":[{"href":"https:\/\/epicent.ro\/tienda\/wp-json\/wp\/v2\/media?parent=1113"}],"wp:term":[{"taxonomy":"product_cat","embeddable":true,"href":"https:\/\/epicent.ro\/tienda\/wp-json\/wp\/v2\/product_cat?post=1113"},{"taxonomy":"product_tag","embeddable":true,"href":"https:\/\/epicent.ro\/tienda\/wp-json\/wp\/v2\/product_tag?post=1113"},{"taxonomy":"marca","embeddable":true,"href":"https:\/\/epicent.ro\/tienda\/wp-json\/wp\/v2\/marca?post=1113"}],"curies":[{"name":"wp","href":"https:\/\/api.w.org\/{rel}","templated":true}]}}