{"id":1135,"date":"2024-08-13T15:32:57","date_gmt":"2024-08-13T21:32:57","guid":{"rendered":"https:\/\/epicent.ro\/tienda\/?post_type=product&#038;p=1135"},"modified":"2024-08-13T15:59:38","modified_gmt":"2024-08-13T21:59:38","slug":"ascenso-infinito","status":"publish","type":"product","link":"https:\/\/epicent.ro\/tienda\/producto\/ascenso-infinito\/","title":{"rendered":"Ascenso Infinito"},"content":{"rendered":"<p>Una estructura que se eleva hacia un cielo dram\u00e1tico, capturando la sensaci\u00f3n de movimiento hacia lo desconocido. Esta imagen juega con la perspectiva y la altura, invitando a imaginar qu\u00e9 hay m\u00e1s all\u00e1.<\/p>\n<p>Impreso en papel de algod\u00f3n Photo Rag de 188g, disponible en tama\u00f1o postal y A4, con impresi\u00f3n inkjet de alta calidad. Parte de la colecci\u00f3n whoisalejandro, exclusiva en la tienda de Epicentro.<\/p>\n","protected":false},"excerpt":{"rendered":"<p>Una estructura que se eleva hacia un cielo dram\u00e1tico, capturando la sensaci\u00f3n de movimiento hacia lo desconocido. Esta imagen juega con la perspectiva y la altura, invitando a imaginar qu\u00e9 hay m\u00e1s all\u00e1.<\/p>\n","protected":false},"featured_media":1150,"comment_status":"open","ping_status":"closed","template":"","meta":[],"product_cat":[16],"product_tag":[47],"marca":[],"class_list":{"0":"post-1135","1":"product","2":"type-product","3":"status-publish","4":"has-post-thumbnail","6":"product_cat-cartel","7":"product_tag-whoisalejandro","9":"first","10":"instock","11":"shipping-taxable","12":"purchasable","13":"product-type-variable","14":"has-default-attributes"},"jetpack_sharing_enabled":true,"_links":{"self":[{"href":"https:\/\/epicent.ro\/tienda\/wp-json\/wp\/v2\/product\/1135"}],"collection":[{"href":"https:\/\/epicent.ro\/tienda\/wp-json\/wp\/v2\/product"}],"about":[{"href":"https:\/\/epicent.ro\/tienda\/wp-json\/wp\/v2\/types\/product"}],"replies":[{"embeddable":true,"href":"https:\/\/epicent.ro\/tienda\/wp-json\/wp\/v2\/comments?post=1135"}],"wp:featuredmedia":[{"embeddable":true,"href":"https:\/\/epicent.ro\/tienda\/wp-json\/wp\/v2\/media\/1150"}],"wp:attachment":[{"href":"https:\/\/epicent.ro\/tienda\/wp-json\/wp\/v2\/media?parent=1135"}],"wp:term":[{"taxonomy":"product_cat","embeddable":true,"href":"https:\/\/epicent.ro\/tienda\/wp-json\/wp\/v2\/product_cat?post=1135"},{"taxonomy":"product_tag","embeddable":true,"href":"https:\/\/epicent.ro\/tienda\/wp-json\/wp\/v2\/product_tag?post=1135"},{"taxonomy":"marca","embeddable":true,"href":"https:\/\/epicent.ro\/tienda\/wp-json\/wp\/v2\/marca?post=1135"}],"curies":[{"name":"wp","href":"https:\/\/api.w.org\/{rel}","templated":true}]}}