{"id":945,"date":"2024-08-13T12:14:56","date_gmt":"2024-08-13T18:14:56","guid":{"rendered":"https:\/\/epicent.ro\/tienda\/?post_type=product&#038;p=945"},"modified":"2024-08-13T12:30:32","modified_gmt":"2024-08-13T18:30:32","slug":"encuentro-cercano","status":"publish","type":"product","link":"https:\/\/epicent.ro\/tienda\/producto\/encuentro-cercano\/","title":{"rendered":"Encuentro Cercano"},"content":{"rendered":"<p>Una forma abstracta que evoca la silueta de una nave extraterrestre desliz\u00e1ndose por el cielo. Esta imagen juega con la percepci\u00f3n y la imaginaci\u00f3n, transformando lo familiar en algo fuera de este mundo.<\/p>\n<p>Impreso en papel de algod\u00f3n Photo Rag de 188g, disponible en tama\u00f1o postal y A4, con impresi\u00f3n inkjet de alta calidad. Parte de la colecci\u00f3n whoisalejandro, exclusiva en la tienda de Epicentro.<\/p>\n","protected":false},"excerpt":{"rendered":"<p>Una forma abstracta que evoca la silueta de una nave extraterrestre desliz\u00e1ndose por el cielo. Esta imagen juega con la percepci\u00f3n y la imaginaci\u00f3n, transformando lo familiar en algo fuera de este mundo.<\/p>\n","protected":false},"featured_media":960,"comment_status":"open","ping_status":"closed","template":"","meta":[],"product_cat":[16],"product_tag":[47],"marca":[],"class_list":{"0":"post-945","1":"product","2":"type-product","3":"status-publish","4":"has-post-thumbnail","6":"product_cat-cartel","7":"product_tag-whoisalejandro","9":"first","10":"instock","11":"shipping-taxable","12":"purchasable","13":"product-type-variable","14":"has-default-attributes"},"jetpack_sharing_enabled":true,"_links":{"self":[{"href":"https:\/\/epicent.ro\/tienda\/wp-json\/wp\/v2\/product\/945"}],"collection":[{"href":"https:\/\/epicent.ro\/tienda\/wp-json\/wp\/v2\/product"}],"about":[{"href":"https:\/\/epicent.ro\/tienda\/wp-json\/wp\/v2\/types\/product"}],"replies":[{"embeddable":true,"href":"https:\/\/epicent.ro\/tienda\/wp-json\/wp\/v2\/comments?post=945"}],"wp:featuredmedia":[{"embeddable":true,"href":"https:\/\/epicent.ro\/tienda\/wp-json\/wp\/v2\/media\/960"}],"wp:attachment":[{"href":"https:\/\/epicent.ro\/tienda\/wp-json\/wp\/v2\/media?parent=945"}],"wp:term":[{"taxonomy":"product_cat","embeddable":true,"href":"https:\/\/epicent.ro\/tienda\/wp-json\/wp\/v2\/product_cat?post=945"},{"taxonomy":"product_tag","embeddable":true,"href":"https:\/\/epicent.ro\/tienda\/wp-json\/wp\/v2\/product_tag?post=945"},{"taxonomy":"marca","embeddable":true,"href":"https:\/\/epicent.ro\/tienda\/wp-json\/wp\/v2\/marca?post=945"}],"curies":[{"name":"wp","href":"https:\/\/api.w.org\/{rel}","templated":true}]}}