{"id":965,"date":"2024-08-13T12:28:42","date_gmt":"2024-08-13T18:28:42","guid":{"rendered":"https:\/\/epicent.ro\/tienda\/?post_type=product&#038;p=965"},"modified":"2024-08-13T12:31:38","modified_gmt":"2024-08-13T18:31:38","slug":"portal-oculto","status":"publish","type":"product","link":"https:\/\/epicent.ro\/tienda\/producto\/portal-oculto\/","title":{"rendered":"Portal Oculto"},"content":{"rendered":"<p>Un t\u00fanel que parece ser la entrada a otro mundo, donde el arte callejero cobra vida y la luz tenue gu\u00eda el camino hacia lo desconocido. Esta fotograf\u00eda captura un momento en el que lo cotidiano se transforma en un misterio, invitando a quienes lo atraviesan a explorar lo que se esconde m\u00e1s all\u00e1.<\/p>\n<p>Impreso en papel de algod\u00f3n Photo Rag de 188g, disponible en tama\u00f1o postal y A4, con impresi\u00f3n inkjet de alta calidad. Parte de la colecci\u00f3n whoisalejandro, exclusiva en la tienda de Epicentro.<\/p>\n","protected":false},"excerpt":{"rendered":"<p>Un t\u00fanel que parece ser la entrada a otro mundo, donde el arte callejero cobra vida y la luz tenue gu\u00eda el camino hacia lo desconocido. Esta fotograf\u00eda captura un momento en el que lo cotidiano se transforma en un misterio, invitando a quienes lo atraviesan a explorar lo que se esconde m\u00e1s all\u00e1.<\/p>\n","protected":false},"featured_media":980,"comment_status":"open","ping_status":"closed","template":"","meta":[],"product_cat":[16],"product_tag":[47],"marca":[],"class_list":{"0":"post-965","1":"product","2":"type-product","3":"status-publish","4":"has-post-thumbnail","6":"product_cat-cartel","7":"product_tag-whoisalejandro","9":"first","10":"instock","11":"shipping-taxable","12":"purchasable","13":"product-type-variable","14":"has-default-attributes"},"jetpack_sharing_enabled":true,"_links":{"self":[{"href":"https:\/\/epicent.ro\/tienda\/wp-json\/wp\/v2\/product\/965"}],"collection":[{"href":"https:\/\/epicent.ro\/tienda\/wp-json\/wp\/v2\/product"}],"about":[{"href":"https:\/\/epicent.ro\/tienda\/wp-json\/wp\/v2\/types\/product"}],"replies":[{"embeddable":true,"href":"https:\/\/epicent.ro\/tienda\/wp-json\/wp\/v2\/comments?post=965"}],"wp:featuredmedia":[{"embeddable":true,"href":"https:\/\/epicent.ro\/tienda\/wp-json\/wp\/v2\/media\/980"}],"wp:attachment":[{"href":"https:\/\/epicent.ro\/tienda\/wp-json\/wp\/v2\/media?parent=965"}],"wp:term":[{"taxonomy":"product_cat","embeddable":true,"href":"https:\/\/epicent.ro\/tienda\/wp-json\/wp\/v2\/product_cat?post=965"},{"taxonomy":"product_tag","embeddable":true,"href":"https:\/\/epicent.ro\/tienda\/wp-json\/wp\/v2\/product_tag?post=965"},{"taxonomy":"marca","embeddable":true,"href":"https:\/\/epicent.ro\/tienda\/wp-json\/wp\/v2\/marca?post=965"}],"curies":[{"name":"wp","href":"https:\/\/api.w.org\/{rel}","templated":true}]}}