{"id":981,"date":"2024-08-13T12:35:35","date_gmt":"2024-08-13T18:35:35","guid":{"rendered":"https:\/\/epicent.ro\/tienda\/?post_type=product&#038;p=981"},"modified":"2024-08-13T14:16:08","modified_gmt":"2024-08-13T20:16:08","slug":"espiral","status":"publish","type":"product","link":"https:\/\/epicent.ro\/tienda\/producto\/espiral\/","title":{"rendered":"Espiral"},"content":{"rendered":"<p>Una estructura que desaf\u00eda la percepci\u00f3n, con el cielo debajo y la tierra arriba, creando una sensaci\u00f3n de desorientaci\u00f3n y asombro. Esta fotograf\u00eda, invertida para alterar la perspectiva, invita a cuestionar lo que creemos ver, convirtiendo lo familiar en algo totalmente nuevo.<\/p>\n<p>Impreso en papel de algod\u00f3n Photo Rag de 188g, disponible en tama\u00f1o postal y A4, con impresi\u00f3n inkjet de alta calidad. Parte de la colecci\u00f3n whoisalejandro, exclusiva en la tienda de Epicentro.<\/p>\n","protected":false},"excerpt":{"rendered":"<p>Una estructura que desaf\u00eda la percepci\u00f3n, con el cielo debajo y la tierra arriba, creando una sensaci\u00f3n de desorientaci\u00f3n y asombro. Esta fotograf\u00eda, invertida para alterar la perspectiva, invita a cuestionar lo que creemos ver, convirtiendo lo familiar en algo totalmente nuevo.<\/p>\n","protected":false},"featured_media":997,"comment_status":"open","ping_status":"closed","template":"","meta":[],"product_cat":[16],"product_tag":[47],"marca":[],"class_list":{"0":"post-981","1":"product","2":"type-product","3":"status-publish","4":"has-post-thumbnail","6":"product_cat-cartel","7":"product_tag-whoisalejandro","9":"first","10":"instock","11":"shipping-taxable","12":"purchasable","13":"product-type-variable","14":"has-default-attributes"},"jetpack_sharing_enabled":true,"_links":{"self":[{"href":"https:\/\/epicent.ro\/tienda\/wp-json\/wp\/v2\/product\/981"}],"collection":[{"href":"https:\/\/epicent.ro\/tienda\/wp-json\/wp\/v2\/product"}],"about":[{"href":"https:\/\/epicent.ro\/tienda\/wp-json\/wp\/v2\/types\/product"}],"replies":[{"embeddable":true,"href":"https:\/\/epicent.ro\/tienda\/wp-json\/wp\/v2\/comments?post=981"}],"wp:featuredmedia":[{"embeddable":true,"href":"https:\/\/epicent.ro\/tienda\/wp-json\/wp\/v2\/media\/997"}],"wp:attachment":[{"href":"https:\/\/epicent.ro\/tienda\/wp-json\/wp\/v2\/media?parent=981"}],"wp:term":[{"taxonomy":"product_cat","embeddable":true,"href":"https:\/\/epicent.ro\/tienda\/wp-json\/wp\/v2\/product_cat?post=981"},{"taxonomy":"product_tag","embeddable":true,"href":"https:\/\/epicent.ro\/tienda\/wp-json\/wp\/v2\/product_tag?post=981"},{"taxonomy":"marca","embeddable":true,"href":"https:\/\/epicent.ro\/tienda\/wp-json\/wp\/v2\/marca?post=981"}],"curies":[{"name":"wp","href":"https:\/\/api.w.org\/{rel}","templated":true}]}}